{"id":2283,"date":"2022-11-25T00:37:19","date_gmt":"2022-11-24T21:37:19","guid":{"rendered":"http:\/\/www.dikmentayfur.net.tr\/?page_id=2283"},"modified":"2022-12-15T23:34:56","modified_gmt":"2022-12-15T20:34:56","slug":"2283-2","status":"publish","type":"page","link":"http:\/\/www.dikmentayfur.net.tr\/?page_id=2283","title":{"rendered":"Team"},"content":{"rendered":"<p>[vc_row overlay_dotted=&#8221;&#8221; css=&#8221;.vc_custom_1493949201500{margin-top: 120px !important;margin-bottom: 16px !important;}&#8221;][vc_column]    <div class=\"brxy-team  brxy-team-69f468393f0d6 \"> <!-- team Starts -->\n      <div class=\"container\">\n        <div class=\"team-wrap\">\n          <div class=\"row\">\n                    <div class=\"col-lg-6 col-md-6 col-sm-12\">\n            <div class=\"mate-list\">\n              <div class=\"mate-picture\">\n                <div class=\"clearfix\"><img src=\"http:\/\/www.dikmentayfur.net.tr\/wp-content\/uploads\/20231006_145605-scaled.jpg\" alt=\"\"><\/div>\n                <div class=\"mate-links\">\n                  <div class=\"brxy-table-container\">\n                    <div class=\"brxy-align-container\">\n                      <div class=\"brxy-moving-wrap\">\n                                              <a href=\"https:\/\/twitter.com\">\n                          <i class=\"fa fa-twitter\" aria-hidden=\"true\"><\/i>\n                        <\/a>\n                                              <a href=\"https:\/\/500px.com\">\n                          <i class=\"fa fa-500px\" aria-hidden=\"true\"><\/i>\n                        <\/a>\n                                              <a href=\"https:\/\/flickr.com\">\n                          <i class=\"fa fa-flickr\" aria-hidden=\"true\"><\/i>\n                        <\/a>\n                                            <\/div>\n                    <\/div>\n                  <\/div>\n                <\/div>\n              <\/div>\n              <div class=\"mate-info\">\n                <div class=\"mate-name\"><a href=\"#\">Dikmen Tayfur<\/a><\/div><div class=\"mate-designation\">Y. Mimar \/ MSc. Architect<\/div>              <\/div>\n            <\/div>\n          <\/div>\n                      <div class=\"col-lg-6 col-md-6 col-sm-12\">\n            <div class=\"mate-list\">\n              <div class=\"mate-picture\">\n                <div class=\"clearfix\"><img src=\"http:\/\/www.dikmentayfur.net.tr\/wp-content\/uploads\/20231006_150645-1.jpg\" alt=\"\"><\/div>\n                <div class=\"mate-links\">\n                  <div class=\"brxy-table-container\">\n                    <div class=\"brxy-align-container\">\n                      <div class=\"brxy-moving-wrap\">\n                                              <a href=\"https:\/\/twitter.com\">\n                          <i class=\"fa fa-twitter\" aria-hidden=\"true\"><\/i>\n                        <\/a>\n                                              <a href=\"https:\/\/500px.com\/\">\n                          <i class=\"fa fa-500px\" aria-hidden=\"true\"><\/i>\n                        <\/a>\n                                              <a href=\"https:\/\/flickr.com\">\n                          <i class=\"fa fa-flickr\" aria-hidden=\"true\"><\/i>\n                        <\/a>\n                                            <\/div>\n                    <\/div>\n                  <\/div>\n                <\/div>\n              <\/div>\n              <div class=\"mate-info\">\n                <div class=\"mate-name\"><a href=\"#\">Ye\u015fim Serdar<\/a><\/div><div class=\"mate-designation\">Y. Mimar \/ MSc. Architect<\/div>              <\/div>\n            <\/div>\n          <\/div>\n                      <div class=\"col-lg-6 col-md-6 col-sm-12\">\n            <div class=\"mate-list\">\n              <div class=\"mate-picture\">\n                <div class=\"clearfix\"><img src=\"http:\/\/www.dikmentayfur.net.tr\/wp-content\/uploads\/20231013_123522-edited-2-scaled.jpg\" alt=\"\"><\/div>\n                <div class=\"mate-links\">\n                  <div class=\"brxy-table-container\">\n                    <div class=\"brxy-align-container\">\n                      <div class=\"brxy-moving-wrap\">\n                                              <a href=\"https:\/\/www.twitter.com\">\n                          <i class=\"fa fa-twitter\" aria-hidden=\"true\"><\/i>\n                        <\/a>\n                                              <a href=\"https:\/\/500px.com\">\n                          <i class=\"fa fa-500px\" aria-hidden=\"true\"><\/i>\n                        <\/a>\n                                              <a href=\"https:\/\/flickr.com\">\n                          <i class=\"fa fa-flickr\" aria-hidden=\"true\"><\/i>\n                        <\/a>\n                                            <\/div>\n                    <\/div>\n                  <\/div>\n                <\/div>\n              <\/div>\n              <div class=\"mate-info\">\n                <div class=\"mate-name\"><a href=\"#\">\u0130brahim Tanr\u0131kulu<\/a><\/div><div class=\"mate-designation\">\u0130\u00e7 Mimar \/ Interior Architect<\/div>              <\/div>\n            <\/div>\n          <\/div>\n                      <div class=\"col-lg-6 col-md-6 col-sm-12\">\n            <div class=\"mate-list\">\n              <div class=\"mate-picture\">\n                <div class=\"clearfix\"><img src=\"http:\/\/www.dikmentayfur.net.tr\/wp-content\/uploads\/WhatsApp-Image-2024-01-25-at-09.27.59-1.jpg\" alt=\"\"><\/div>\n                <div class=\"mate-links\">\n                  <div class=\"brxy-table-container\">\n                    <div class=\"brxy-align-container\">\n                      <div class=\"brxy-moving-wrap\">\n                                              <a href=\"https:\/\/twitter.com\">\n                          <i class=\"fa fa-twitter\" aria-hidden=\"true\"><\/i>\n                        <\/a>\n                                              <a href=\"https:\/\/500px.com\">\n                          <i class=\"fa fa-500px\" aria-hidden=\"true\"><\/i>\n                        <\/a>\n                                              <a href=\"https:\/\/flickr.com\">\n                          <i class=\"fa fa-flickr\" aria-hidden=\"true\"><\/i>\n                        <\/a>\n                                            <\/div>\n                    <\/div>\n                  <\/div>\n                <\/div>\n              <\/div>\n              <div class=\"mate-info\">\n                <div class=\"mate-name\"><a href=\"#\">G\u00f6rkem Sefa Menek\u015fe<\/a><\/div><div class=\"mate-designation\">Mimar \/ Architect <\/div>              <\/div>\n            <\/div>\n          <\/div>\n                      <div class=\"col-lg-6 col-md-6 col-sm-12\">\n            <div class=\"mate-list\">\n              <div class=\"mate-picture\">\n                <div class=\"clearfix\"><img src=\"http:\/\/www.dikmentayfur.net.tr\/wp-content\/uploads\/20231006_150819.jpg\" alt=\"\"><\/div>\n                <div class=\"mate-links\">\n                  <div class=\"brxy-table-container\">\n                    <div class=\"brxy-align-container\">\n                      <div class=\"brxy-moving-wrap\">\n                                            <\/div>\n                    <\/div>\n                  <\/div>\n                <\/div>\n              <\/div>\n              <div class=\"mate-info\">\n                <div class=\"mate-name\"><a>Ay\u015fe \u00c7elebio\u011flu<\/a><\/div><div class=\"mate-designation\">Mimar \/ Architect<\/div>              <\/div>\n            <\/div>\n          <\/div>\n                      <div class=\"col-lg-6 col-md-6 col-sm-12\">\n            <div class=\"mate-list\">\n              <div class=\"mate-picture\">\n                <div class=\"clearfix\"><img src=\"http:\/\/www.dikmentayfur.net.tr\/wp-content\/uploads\/20231211_120330.jpg\" alt=\"\"><\/div>\n                <div class=\"mate-links\">\n                  <div class=\"brxy-table-container\">\n                    <div class=\"brxy-align-container\">\n                      <div class=\"brxy-moving-wrap\">\n                                            <\/div>\n                    <\/div>\n                  <\/div>\n                <\/div>\n              <\/div>\n              <div class=\"mate-info\">\n                <div class=\"mate-name\"><a>\u00dclfet Y\u00fcksekkaya<\/a><\/div><div class=\"mate-designation\">Mimar \/ Architect<\/div>              <\/div>\n            <\/div>\n          <\/div>\n                      <div class=\"col-lg-6 col-md-6 col-sm-12\">\n            <div class=\"mate-list\">\n              <div class=\"mate-picture\">\n                <div class=\"clearfix\"><img src=\"http:\/\/www.dikmentayfur.net.tr\/wp-content\/uploads\/WhatsApp-Image-2024-09-27-at-1.jpg\" alt=\"\"><\/div>\n                <div class=\"mate-links\">\n                  <div class=\"brxy-table-container\">\n                    <div class=\"brxy-align-container\">\n                      <div class=\"brxy-moving-wrap\">\n                                            <\/div>\n                    <\/div>\n                  <\/div>\n                <\/div>\n              <\/div>\n              <div class=\"mate-info\">\n                <div class=\"mate-name\"><a>Ye\u015fim Aksoy<\/a><\/div><div class=\"mate-designation\">Mimar \/ Architect<\/div>              <\/div>\n            <\/div>\n          <\/div>\n                      <\/div> <!-- row -->\n        <\/div> <!-- wrap -->\n      <\/div> <!-- container -->\n    <\/div> <!-- team End -->\n    [\/vc_column][\/vc_row]<\/p>\n","protected":false},"excerpt":{"rendered":"[vc_row overlay_dotted=&#8221;&#8221; css=&#8221;.vc_custom_1493949201500{margin-top: 120px !important;margin-bottom: 16px !important;}&#8221;][vc_column][\/vc_column][\/vc_row]","protected":false},"author":1,"featured_media":0,"parent":0,"menu_order":0,"comment_status":"closed","ping_status":"closed","template":"","meta":{"_monsterinsights_skip_tracking":false,"_monsterinsights_sitenote_active":false,"_monsterinsights_sitenote_note":"","_monsterinsights_sitenote_category":0},"_links":{"self":[{"href":"http:\/\/www.dikmentayfur.net.tr\/index.php?rest_route=\/wp\/v2\/pages\/2283"}],"collection":[{"href":"http:\/\/www.dikmentayfur.net.tr\/index.php?rest_route=\/wp\/v2\/pages"}],"about":[{"href":"http:\/\/www.dikmentayfur.net.tr\/index.php?rest_route=\/wp\/v2\/types\/page"}],"author":[{"embeddable":true,"href":"http:\/\/www.dikmentayfur.net.tr\/index.php?rest_route=\/wp\/v2\/users\/1"}],"replies":[{"embeddable":true,"href":"http:\/\/www.dikmentayfur.net.tr\/index.php?rest_route=%2Fwp%2Fv2%2Fcomments&post=2283"}],"version-history":[{"count":8,"href":"http:\/\/www.dikmentayfur.net.tr\/index.php?rest_route=\/wp\/v2\/pages\/2283\/revisions"}],"predecessor-version":[{"id":2411,"href":"http:\/\/www.dikmentayfur.net.tr\/index.php?rest_route=\/wp\/v2\/pages\/2283\/revisions\/2411"}],"wp:attachment":[{"href":"http:\/\/www.dikmentayfur.net.tr\/index.php?rest_route=%2Fwp%2Fv2%2Fmedia&parent=2283"}],"curies":[{"name":"wp","href":"https:\/\/api.w.org\/{rel}","templated":true}]}}